{"id":547,"date":"2025-11-18T20:34:07","date_gmt":"2025-11-18T20:34:07","guid":{"rendered":"https:\/\/www.centreapsyl.com\/?page_id=547"},"modified":"2026-01-15T08:14:31","modified_gmt":"2026-01-15T08:14:31","slug":"bureaux-a-louer","status":"publish","type":"page","link":"http:\/\/www.centreapsyl.com\/bureaux-a-louer\/","title":{"rendered":"Bureaux \u00e0 louer"},"content":{"rendered":"<div id=\"pl-gb547-69e0e2e09ac6d\"  class=\"panel-layout\" ><div id=\"pg-gb547-69e0e2e09ac6d-0\"  class=\"panel-grid panel-no-style\" ><div id=\"pgc-gb547-69e0e2e09ac6d-0-0\"  class=\"panel-grid-cell\" ><div id=\"panel-gb547-69e0e2e09ac6d-0-0-0\" class=\"so-panel widget widget_text panel-first-child panel-last-child\" data-index=\"0\" >\t\t\t<div class=\"textwidget\"><p>Nous mettons \u00e0 votre disposition un <strong>espace de travail meubl\u00e9, adapt\u00e9 aux sp\u00e9cificit\u00e9s de votre profession<\/strong>. Chaque espace contient un bureau avec une chaise de bureau, deux chaises patients, deux meubles de rangement et un caisson de bureau sur roulettes, deux fauteuils individuels en cuir, ainsi qu\u2019un canap\u00e9 convertible (id\u00e9al pour vos sessions de relaxation musculaire, d\u2019hypnoth\u00e9rapie,\u2026). Les bureaux sont am\u00e9nag\u00e9s avec go\u00fbt et une attention port\u00e9e au confort et \u00e0 la s\u00e9r\u00e9nit\u00e9: coussins, tapis, lampes d&rsquo;appoint (cr\u00e9ation d&rsquo;une ambiance tamis\u00e9e possible),&#8230; Chaque bureau dispose \u00e9galement de son propre interphone avec syst\u00e8me d&rsquo;ouverture de porte.<\/p>\n<p>Nous vous garantissons un cadre de travail agr\u00e9able et soign\u00e9, un acc\u00e8s libre \u00e0 une <strong>cuisine \u00e9quip\u00e9e<\/strong> commune pour vous et, pour vous et vos patients, \u00e0 une <strong>spacieuse salle d\u2019attente<\/strong>, \u00e0 un WC commun attenant \u00e0 la salle d&rsquo;attente et \u00e0 internet\/Wifi. Vous aurez \u00e9galement acc\u00e8s \u00e0 un <strong>jardin partag\u00e9<\/strong>, bien entretenu, et directement accessible depuis deux des bureaux.<\/p>\n<\/div>\n\t\t<\/div><\/div><div id=\"pgc-gb547-69e0e2e09ac6d-0-1\"  class=\"panel-grid-cell\" ><div id=\"panel-gb547-69e0e2e09ac6d-0-1-0\" class=\"so-panel widget widget_sow-button panel-first-child panel-last-child\" data-index=\"1\" ><div\n\t\t\t\n\t\t\tclass=\"so-widget-sow-button so-widget-sow-button-flat-ec00862bb701-547\"\n\t\t\t\n\t\t><div class=\"ow-button-base ow-button-align-center\"\n>\n\t\t\t<a\n\t\t\t\t\thref=\"https:\/\/www.centreapsyl.com\/index.php\/contact\/\"\n\t\t\t\t\tclass=\"sowb-button ow-icon-placement-left ow-button-hover\" target=\"_blank\" rel=\"noopener noreferrer\" \t>\n\t\t<span>\n\t\t\t<span class=\"sow-icon-fontawesome sow-far\" data-sow-icon=\"&#xf2b6;\"\n\t\tstyle=\"\" \n\t\taria-hidden=\"true\"><\/span>\n\t\t\tContactez-nous\t\t<\/span>\n\t\t\t<\/a>\n\t<\/div>\n<\/div><\/div><\/div><\/div><div id=\"pg-gb547-69e0e2e09ac6d-1\"  class=\"panel-grid panel-has-style\" ><div class=\"siteorigin-panels-stretch panel-row-style panel-row-style-for-gb547-69e0e2e09ac6d-1\" data-stretch-type=\"full\" ><div id=\"pgc-gb547-69e0e2e09ac6d-1-0\"  class=\"panel-grid-cell\" ><div id=\"panel-gb547-69e0e2e09ac6d-1-0-0\" class=\"so-panel widget widget_sow-features panel-first-child panel-last-child\" data-index=\"2\" ><div\n\t\t\t\n\t\t\tclass=\"so-widget-sow-features so-widget-sow-features-default-1f6c718feeed-547\"\n\t\t\t\n\t\t><ul\n\tclass=\"sow-features-list\n\tsow-features-responsive\">\n\n\t\t\t<li\n\t\t\tclass=\"sow-features-feature sow-icon-container-position-top\"\n\t\t\tstyle=\"display: flex; flex-direction: column; width: calc(33.333% - 25px);\"\n\t\t>\n\t\t\t\n\t\t\t\t\t\t<div\t\t\t\tclass=\"sow-icon-container sow-container-none\"\n\t\t\t\tstyle=\"color: ; \"\n\t\t\t\t\n\t\t\t\t\t\t\t>\n\t\t\t\t<span class=\"sow-icon-elegantline\" data-sow-icon=\"&#xe001;\"\n\t\tstyle=\"font-size: 48px; color: #1e73be\" \n\t\taria-hidden=\"true\"><\/span>\t\t\t<\/div>\n\n\t\t\t<div class=\"textwidget\">\n\t\t\t\t\n\t\t\t\t\t\t\t\t\t<h5 class=\"sow-features-feature-title\">\n\t\t\t\t\t\tBureaux \u00e9quip\u00e9s\t\t\t\t\t<\/h5>\n\t\t\t\t\n\t\t\t\t\t\t\t\t\t<div class=\"sow-features-feature-text\">\n\t\t\t\t\t<p>Bureaux modernes et ergonomiques<br \/>\nChaises en cuir<br \/>\nMeuble de rangement<br \/>\nCanap\u00e9 convertible<\/p>\n\t\t\t\t\t<\/div>\n\t\t\t\t\t\t\t\t<\/div>\n\t\t\t\t\t\t\t\t<\/li>\n\n\t\t\t<li\n\t\t\tclass=\"sow-features-feature sow-icon-container-position-top\"\n\t\t\tstyle=\"display: flex; flex-direction: column; width: calc(33.333% - 25px);\"\n\t\t>\n\t\t\t\n\t\t\t\t\t\t<div\t\t\t\tclass=\"sow-icon-container sow-container-none\"\n\t\t\t\tstyle=\"color: #404040; \"\n\t\t\t\t\n\t\t\t\t\t\t\t>\n\t\t\t\t<span class=\"sow-icon-elegantline\" data-sow-icon=\"&#xe049;\"\n\t\tstyle=\"font-size: 48px; color: #1e73be\" \n\t\taria-hidden=\"true\"><\/span>\t\t\t<\/div>\n\n\t\t\t<div class=\"textwidget\">\n\t\t\t\t\n\t\t\t\t\t\t\t\t\t<h5 class=\"sow-features-feature-title\">\n\t\t\t\t\t\tPi\u00e8ces communes\t\t\t\t\t<\/h5>\n\t\t\t\t\n\t\t\t\t\t\t\t\t\t<div class=\"sow-features-feature-text\">\n\t\t\t\t\t<p>Salle d&rsquo;attente moderne et spacieuse<br \/>\nCuisine semi-\u00e9quip\u00e9e<br \/>\nWC attenant \u00e0 la salle d&rsquo;attente<br \/>\nJardin partag\u00e9<br \/>\nParking visiteurs<\/p>\n\t\t\t\t\t<\/div>\n\t\t\t\t\t\t\t\t<\/div>\n\t\t\t\t\t\t\t\t<\/li>\n\n\t\t\t<li\n\t\t\tclass=\"sow-features-feature sow-icon-container-position-top\"\n\t\t\tstyle=\"display: flex; flex-direction: column; width: calc(33.333% - 25px);\"\n\t\t>\n\t\t\t\n\t\t\t\t\t\t<div\t\t\t\tclass=\"sow-icon-container sow-container-none\"\n\t\t\t\tstyle=\"color: ; \"\n\t\t\t\t\n\t\t\t\t\t\t\t>\n\t\t\t\t<span class=\"sow-icon-elegantline\" data-sow-icon=\"&#xe052;\"\n\t\tstyle=\"font-size: 48px; color: #1e73be\" \n\t\taria-hidden=\"true\"><\/span>\t\t\t<\/div>\n\n\t\t\t<div class=\"textwidget\">\n\t\t\t\t\n\t\t\t\t\t\t\t\t\t<h5 class=\"sow-features-feature-title\">\n\t\t\t\t\t\tServices\t\t\t\t\t<\/h5>\n\t\t\t\t\n\t\t\t\t\t\t\t\t\t<div class=\"sow-features-feature-text\">\n\t\t\t\t\t<p>Internet<br \/>\nInterphone dans chaque bureau<br \/>\nEntretien des locaux<br \/>\nMachine \u00e0 caf\u00e9<br \/>\nFour \u00e0 micro-ondes<br \/>\n&#8230;<\/p>\n\t\t\t\t\t<\/div>\n\t\t\t\t\t\t\t\t<\/div>\n\t\t\t\t\t\t\t\t<\/li>\n\n\t<\/ul>\n<\/div><\/div><\/div><\/div><\/div><div id=\"pg-gb547-69e0e2e09ac6d-2\"  class=\"panel-grid panel-no-style\" ><div id=\"pgc-gb547-69e0e2e09ac6d-2-0\"  class=\"panel-grid-cell\" ><div id=\"panel-gb547-69e0e2e09ac6d-2-0-0\" class=\"so-panel widget widget_media_gallery panel-first-child\" data-index=\"3\" ><div class=\"panel-widget-style panel-widget-style-for-gb547-69e0e2e09ac6d-2-0-0\" ><h3 class=\"widget-title\">Galerie<\/h3><div id='gallery-1' class='gallery galleryid-547 gallery-columns-3 gallery-size-medium'><figure class='gallery-item'>\n\t\t\t<div class='gallery-icon landscape'>\n\t\t\t\t<a href='https:\/\/www.centreapsyl.com\/wp-content\/uploads\/2026\/01\/20260113_100245-scaled.jpg'><img loading=\"lazy\" decoding=\"async\" width=\"300\" height=\"225\" src=\"https:\/\/www.centreapsyl.com\/wp-content\/uploads\/2026\/01\/20260113_100245-300x225.jpg\" class=\"attachment-medium size-medium\" alt=\"\" srcset=\"https:\/\/www.centreapsyl.com\/wp-content\/uploads\/2026\/01\/20260113_100245-300x225.jpg 300w, https:\/\/www.centreapsyl.com\/wp-content\/uploads\/2026\/01\/20260113_100245-1024x768.jpg 1024w, https:\/\/www.centreapsyl.com\/wp-content\/uploads\/2026\/01\/20260113_100245-768x576.jpg 768w, https:\/\/www.centreapsyl.com\/wp-content\/uploads\/2026\/01\/20260113_100245-1536x1152.jpg 1536w, https:\/\/www.centreapsyl.com\/wp-content\/uploads\/2026\/01\/20260113_100245-2048x1536.jpg 2048w\" sizes=\"auto, (max-width: 300px) 100vw, 300px\" \/><\/a>\n\t\t\t<\/div><\/figure><figure class='gallery-item'>\n\t\t\t<div class='gallery-icon landscape'>\n\t\t\t\t<a href='https:\/\/www.centreapsyl.com\/wp-content\/uploads\/2026\/01\/20260113_100346-scaled.jpg'><img loading=\"lazy\" decoding=\"async\" width=\"300\" height=\"225\" src=\"https:\/\/www.centreapsyl.com\/wp-content\/uploads\/2026\/01\/20260113_100346-300x225.jpg\" class=\"attachment-medium size-medium\" alt=\"\" srcset=\"https:\/\/www.centreapsyl.com\/wp-content\/uploads\/2026\/01\/20260113_100346-300x225.jpg 300w, https:\/\/www.centreapsyl.com\/wp-content\/uploads\/2026\/01\/20260113_100346-1024x768.jpg 1024w, https:\/\/www.centreapsyl.com\/wp-content\/uploads\/2026\/01\/20260113_100346-768x576.jpg 768w, https:\/\/www.centreapsyl.com\/wp-content\/uploads\/2026\/01\/20260113_100346-1536x1152.jpg 1536w, https:\/\/www.centreapsyl.com\/wp-content\/uploads\/2026\/01\/20260113_100346-2048x1536.jpg 2048w\" sizes=\"auto, (max-width: 300px) 100vw, 300px\" \/><\/a>\n\t\t\t<\/div><\/figure><figure class='gallery-item'>\n\t\t\t<div class='gallery-icon landscape'>\n\t\t\t\t<a href='https:\/\/www.centreapsyl.com\/wp-content\/uploads\/2026\/01\/20260113_101054-scaled.jpg'><img loading=\"lazy\" decoding=\"async\" width=\"300\" height=\"225\" src=\"https:\/\/www.centreapsyl.com\/wp-content\/uploads\/2026\/01\/20260113_101054-300x225.jpg\" class=\"attachment-medium size-medium\" alt=\"\" srcset=\"https:\/\/www.centreapsyl.com\/wp-content\/uploads\/2026\/01\/20260113_101054-300x225.jpg 300w, https:\/\/www.centreapsyl.com\/wp-content\/uploads\/2026\/01\/20260113_101054-1024x768.jpg 1024w, https:\/\/www.centreapsyl.com\/wp-content\/uploads\/2026\/01\/20260113_101054-768x576.jpg 768w, https:\/\/www.centreapsyl.com\/wp-content\/uploads\/2026\/01\/20260113_101054-1536x1152.jpg 1536w, https:\/\/www.centreapsyl.com\/wp-content\/uploads\/2026\/01\/20260113_101054-2048x1536.jpg 2048w\" sizes=\"auto, (max-width: 300px) 100vw, 300px\" \/><\/a>\n\t\t\t<\/div><\/figure><figure class='gallery-item'>\n\t\t\t<div class='gallery-icon landscape'>\n\t\t\t\t<a href='https:\/\/www.centreapsyl.com\/wp-content\/uploads\/2026\/01\/20260113_101059-scaled.jpg'><img loading=\"lazy\" decoding=\"async\" width=\"300\" height=\"225\" src=\"https:\/\/www.centreapsyl.com\/wp-content\/uploads\/2026\/01\/20260113_101059-300x225.jpg\" class=\"attachment-medium size-medium\" alt=\"\" srcset=\"https:\/\/www.centreapsyl.com\/wp-content\/uploads\/2026\/01\/20260113_101059-300x225.jpg 300w, https:\/\/www.centreapsyl.com\/wp-content\/uploads\/2026\/01\/20260113_101059-1024x768.jpg 1024w, https:\/\/www.centreapsyl.com\/wp-content\/uploads\/2026\/01\/20260113_101059-768x576.jpg 768w, https:\/\/www.centreapsyl.com\/wp-content\/uploads\/2026\/01\/20260113_101059-1536x1152.jpg 1536w, https:\/\/www.centreapsyl.com\/wp-content\/uploads\/2026\/01\/20260113_101059-2048x1536.jpg 2048w\" sizes=\"auto, (max-width: 300px) 100vw, 300px\" \/><\/a>\n\t\t\t<\/div><\/figure><figure class='gallery-item'>\n\t\t\t<div class='gallery-icon landscape'>\n\t\t\t\t<a href='https:\/\/www.centreapsyl.com\/wp-content\/uploads\/2026\/01\/20260113_101134-scaled.jpg'><img loading=\"lazy\" decoding=\"async\" width=\"300\" height=\"225\" src=\"https:\/\/www.centreapsyl.com\/wp-content\/uploads\/2026\/01\/20260113_101134-300x225.jpg\" class=\"attachment-medium size-medium\" alt=\"\" srcset=\"https:\/\/www.centreapsyl.com\/wp-content\/uploads\/2026\/01\/20260113_101134-300x225.jpg 300w, https:\/\/www.centreapsyl.com\/wp-content\/uploads\/2026\/01\/20260113_101134-1024x768.jpg 1024w, https:\/\/www.centreapsyl.com\/wp-content\/uploads\/2026\/01\/20260113_101134-768x576.jpg 768w, https:\/\/www.centreapsyl.com\/wp-content\/uploads\/2026\/01\/20260113_101134-1536x1152.jpg 1536w, https:\/\/www.centreapsyl.com\/wp-content\/uploads\/2026\/01\/20260113_101134-2048x1536.jpg 2048w\" sizes=\"auto, (max-width: 300px) 100vw, 300px\" \/><\/a>\n\t\t\t<\/div><\/figure><figure class='gallery-item'>\n\t\t\t<div class='gallery-icon landscape'>\n\t\t\t\t<a href='https:\/\/www.centreapsyl.com\/wp-content\/uploads\/2026\/01\/20260113_101905-scaled.jpg'><img loading=\"lazy\" decoding=\"async\" width=\"300\" height=\"225\" src=\"https:\/\/www.centreapsyl.com\/wp-content\/uploads\/2026\/01\/20260113_101905-300x225.jpg\" class=\"attachment-medium size-medium\" alt=\"\" srcset=\"https:\/\/www.centreapsyl.com\/wp-content\/uploads\/2026\/01\/20260113_101905-300x225.jpg 300w, https:\/\/www.centreapsyl.com\/wp-content\/uploads\/2026\/01\/20260113_101905-1024x768.jpg 1024w, https:\/\/www.centreapsyl.com\/wp-content\/uploads\/2026\/01\/20260113_101905-768x576.jpg 768w, https:\/\/www.centreapsyl.com\/wp-content\/uploads\/2026\/01\/20260113_101905-1536x1152.jpg 1536w, https:\/\/www.centreapsyl.com\/wp-content\/uploads\/2026\/01\/20260113_101905-2048x1536.jpg 2048w\" sizes=\"auto, (max-width: 300px) 100vw, 300px\" \/><\/a>\n\t\t\t<\/div><\/figure><figure class='gallery-item'>\n\t\t\t<div class='gallery-icon landscape'>\n\t\t\t\t<a href='https:\/\/www.centreapsyl.com\/wp-content\/uploads\/2026\/01\/20260113_101912-scaled.jpg'><img loading=\"lazy\" decoding=\"async\" width=\"300\" height=\"225\" src=\"https:\/\/www.centreapsyl.com\/wp-content\/uploads\/2026\/01\/20260113_101912-300x225.jpg\" class=\"attachment-medium size-medium\" alt=\"\" srcset=\"https:\/\/www.centreapsyl.com\/wp-content\/uploads\/2026\/01\/20260113_101912-300x225.jpg 300w, https:\/\/www.centreapsyl.com\/wp-content\/uploads\/2026\/01\/20260113_101912-1024x768.jpg 1024w, https:\/\/www.centreapsyl.com\/wp-content\/uploads\/2026\/01\/20260113_101912-768x576.jpg 768w, https:\/\/www.centreapsyl.com\/wp-content\/uploads\/2026\/01\/20260113_101912-1536x1152.jpg 1536w, https:\/\/www.centreapsyl.com\/wp-content\/uploads\/2026\/01\/20260113_101912-2048x1536.jpg 2048w\" sizes=\"auto, (max-width: 300px) 100vw, 300px\" \/><\/a>\n\t\t\t<\/div><\/figure><figure class='gallery-item'>\n\t\t\t<div class='gallery-icon landscape'>\n\t\t\t\t<a href='https:\/\/www.centreapsyl.com\/wp-content\/uploads\/2026\/01\/20260113_103124-scaled.jpg'><img loading=\"lazy\" decoding=\"async\" width=\"300\" height=\"225\" src=\"https:\/\/www.centreapsyl.com\/wp-content\/uploads\/2026\/01\/20260113_103124-300x225.jpg\" class=\"attachment-medium size-medium\" alt=\"\" srcset=\"https:\/\/www.centreapsyl.com\/wp-content\/uploads\/2026\/01\/20260113_103124-300x225.jpg 300w, https:\/\/www.centreapsyl.com\/wp-content\/uploads\/2026\/01\/20260113_103124-1024x768.jpg 1024w, https:\/\/www.centreapsyl.com\/wp-content\/uploads\/2026\/01\/20260113_103124-768x576.jpg 768w, https:\/\/www.centreapsyl.com\/wp-content\/uploads\/2026\/01\/20260113_103124-1536x1152.jpg 1536w, https:\/\/www.centreapsyl.com\/wp-content\/uploads\/2026\/01\/20260113_103124-2048x1536.jpg 2048w\" sizes=\"auto, (max-width: 300px) 100vw, 300px\" \/><\/a>\n\t\t\t<\/div><\/figure><figure class='gallery-item'>\n\t\t\t<div class='gallery-icon landscape'>\n\t\t\t\t<a href='https:\/\/www.centreapsyl.com\/wp-content\/uploads\/2026\/01\/20260113_103142-scaled.jpg'><img loading=\"lazy\" decoding=\"async\" width=\"300\" height=\"225\" src=\"https:\/\/www.centreapsyl.com\/wp-content\/uploads\/2026\/01\/20260113_103142-300x225.jpg\" class=\"attachment-medium size-medium\" alt=\"\" srcset=\"https:\/\/www.centreapsyl.com\/wp-content\/uploads\/2026\/01\/20260113_103142-300x225.jpg 300w, https:\/\/www.centreapsyl.com\/wp-content\/uploads\/2026\/01\/20260113_103142-1024x768.jpg 1024w, https:\/\/www.centreapsyl.com\/wp-content\/uploads\/2026\/01\/20260113_103142-768x576.jpg 768w, https:\/\/www.centreapsyl.com\/wp-content\/uploads\/2026\/01\/20260113_103142-1536x1152.jpg 1536w, https:\/\/www.centreapsyl.com\/wp-content\/uploads\/2026\/01\/20260113_103142-2048x1536.jpg 2048w\" sizes=\"auto, (max-width: 300px) 100vw, 300px\" \/><\/a>\n\t\t\t<\/div><\/figure>\n\t\t<\/div>\n<\/div><\/div><div id=\"panel-gb547-69e0e2e09ac6d-2-0-1\" class=\"widget_text so-panel widget widget_custom_html panel-last-child\" data-index=\"4\" ><div class=\"textwidget custom-html-widget\"><p>\n\n<\/p><\/div><\/div><\/div><div id=\"pgc-gb547-69e0e2e09ac6d-2-1\"  class=\"panel-grid-cell\" ><div id=\"panel-gb547-69e0e2e09ac6d-2-1-0\" class=\"so-panel widget widget_text panel-first-child panel-last-child\" data-index=\"5\" >\t\t\t<div class=\"textwidget\"><p>&nbsp;<\/p>\n<p>Nos bureaux sont situ\u00e9s le long d\u2019une grand-route, garantissant <strong>facilit\u00e9 d\u2019acc\u00e8s et visibilit\u00e9<\/strong> pour vous et votre patient\u00e8le.<\/p>\n<p>Acc\u00e8s ais\u00e9 via l\u2019autoroute E25.<\/p>\n<p>Tous les bureaux sont situ\u00e9s aux rez-de-chauss\u00e9e, id\u00e9al pour recevoir des personnes \u00e2g\u00e9es ou des personnes ayant des difficult\u00e9s de mobilit\u00e9.<\/p>\n<p>La pr\u00e9sence conjointe de plusieurs professionnels de la sant\u00e9 mentale favorise l\u2019\u00e9change, la communication, et cr\u00e9e un milieu de travail enrichissant.<\/p>\n<p>Possibilit\u00e9s de location flexibles: au jour, au mois, au trimestre&#8230;<\/p>\n<\/div>\n\t\t<\/div><\/div><\/div><\/div>\n\n\n<p><\/p>\n","protected":false},"excerpt":{"rendered":"<p>Nous mettons \u00e0 votre disposition un espace de travail meubl\u00e9, adapt\u00e9 aux sp\u00e9cificit\u00e9s de votre profession. Chaque espace contient un bureau avec une chaise de bureau, deux chaises patients, deux meubles de rangement et un caisson de bureau sur roulettes, deux fauteuils individuels en cuir, ainsi qu\u2019un canap\u00e9 convertible (id\u00e9al pour vos sessions de relaxation&hellip;&nbsp;<a href=\"http:\/\/www.centreapsyl.com\/bureaux-a-louer\/\" rel=\"bookmark\"><span class=\"screen-reader-text\">Bureaux \u00e0 louer<\/span><\/a><\/p>\n","protected":false},"author":1,"featured_media":928,"parent":0,"menu_order":0,"comment_status":"closed","ping_status":"closed","template":"","meta":{"neve_meta_sidebar":"","neve_meta_container":"","neve_meta_enable_content_width":"off","neve_meta_content_width":100,"neve_meta_title_alignment":"","neve_meta_author_avatar":"","neve_post_elements_order":"","neve_meta_disable_header":"","neve_meta_disable_footer":"","neve_meta_disable_title":"","footnotes":""},"class_list":["post-547","page","type-page","status-publish","has-post-thumbnail","hentry"],"yoast_head":"<!-- This site is optimized with the Yoast SEO plugin v27.4 - https:\/\/yoast.com\/product\/yoast-seo-wordpress\/ -->\n<title>Bureaux \u00e0 louer - Centre Apsyl<\/title>\n<meta name=\"description\" content=\"Nous mettons \u00e0 votre disposition un espace de travail meubl\u00e9, adapt\u00e9 aux sp\u00e9cificit\u00e9s de votre profession\" \/>\n<meta name=\"robots\" content=\"index, follow, max-snippet:-1, max-image-preview:large, max-video-preview:-1\" \/>\n<link rel=\"canonical\" href=\"http:\/\/www.centreapsyl.com\/bureaux-a-louer\/\" \/>\n<meta property=\"og:locale\" content=\"fr_FR\" \/>\n<meta property=\"og:type\" content=\"article\" \/>\n<meta property=\"og:title\" content=\"Bureaux \u00e0 louer - Centre Apsyl\" \/>\n<meta property=\"og:description\" content=\"Nous mettons \u00e0 votre disposition un espace de travail meubl\u00e9, adapt\u00e9 aux sp\u00e9cificit\u00e9s de votre profession\" \/>\n<meta property=\"og:url\" content=\"http:\/\/www.centreapsyl.com\/bureaux-a-louer\/\" \/>\n<meta property=\"og:site_name\" content=\"Centre Apsyl\" \/>\n<meta property=\"article:modified_time\" content=\"2026-01-15T08:14:31+00:00\" \/>\n<meta property=\"og:image\" content=\"http:\/\/www.centreapsyl.com\/wp-content\/uploads\/2025\/11\/promoted-scaled.jpg\" \/>\n\t<meta property=\"og:image:width\" content=\"2560\" \/>\n\t<meta property=\"og:image:height\" content=\"1707\" \/>\n\t<meta property=\"og:image:type\" content=\"image\/jpeg\" \/>\n<meta name=\"twitter:card\" content=\"summary_large_image\" \/>\n<meta name=\"twitter:label1\" content=\"Dur\u00e9e de lecture est.\" \/>\n\t<meta name=\"twitter:data1\" content=\"4 minutes\" \/>\n<script type=\"application\/ld+json\" class=\"yoast-schema-graph\">{\"@context\":\"https:\\\/\\\/schema.org\",\"@graph\":[{\"@type\":\"WebPage\",\"@id\":\"http:\\\/\\\/www.centreapsyl.com\\\/bureaux-a-louer\\\/\",\"url\":\"http:\\\/\\\/www.centreapsyl.com\\\/bureaux-a-louer\\\/\",\"name\":\"Bureaux \u00e0 louer - Centre Apsyl\",\"isPartOf\":{\"@id\":\"https:\\\/\\\/www.centreapsyl.com\\\/#website\"},\"primaryImageOfPage\":{\"@id\":\"http:\\\/\\\/www.centreapsyl.com\\\/bureaux-a-louer\\\/#primaryimage\"},\"image\":{\"@id\":\"http:\\\/\\\/www.centreapsyl.com\\\/bureaux-a-louer\\\/#primaryimage\"},\"thumbnailUrl\":\"https:\\\/\\\/www.centreapsyl.com\\\/wp-content\\\/uploads\\\/2025\\\/11\\\/promoted-scaled.jpg\",\"datePublished\":\"2025-11-18T20:34:07+00:00\",\"dateModified\":\"2026-01-15T08:14:31+00:00\",\"description\":\"Nous mettons \u00e0 votre disposition un espace de travail meubl\u00e9, adapt\u00e9 aux sp\u00e9cificit\u00e9s de votre profession\",\"breadcrumb\":{\"@id\":\"http:\\\/\\\/www.centreapsyl.com\\\/bureaux-a-louer\\\/#breadcrumb\"},\"inLanguage\":\"fr-BE\",\"potentialAction\":[{\"@type\":\"ReadAction\",\"target\":[\"http:\\\/\\\/www.centreapsyl.com\\\/bureaux-a-louer\\\/\"]}]},{\"@type\":\"ImageObject\",\"inLanguage\":\"fr-BE\",\"@id\":\"http:\\\/\\\/www.centreapsyl.com\\\/bureaux-a-louer\\\/#primaryimage\",\"url\":\"https:\\\/\\\/www.centreapsyl.com\\\/wp-content\\\/uploads\\\/2025\\\/11\\\/promoted-scaled.jpg\",\"contentUrl\":\"https:\\\/\\\/www.centreapsyl.com\\\/wp-content\\\/uploads\\\/2025\\\/11\\\/promoted-scaled.jpg\",\"width\":2560,\"height\":1707},{\"@type\":\"BreadcrumbList\",\"@id\":\"http:\\\/\\\/www.centreapsyl.com\\\/bureaux-a-louer\\\/#breadcrumb\",\"itemListElement\":[{\"@type\":\"ListItem\",\"position\":1,\"name\":\"Home\",\"item\":\"https:\\\/\\\/www.centreapsyl.com\\\/\"},{\"@type\":\"ListItem\",\"position\":2,\"name\":\"Bureaux \u00e0 louer\"}]},{\"@type\":\"WebSite\",\"@id\":\"https:\\\/\\\/www.centreapsyl.com\\\/#website\",\"url\":\"https:\\\/\\\/www.centreapsyl.com\\\/\",\"name\":\"Centre Apsyl\",\"description\":\"Centre Accompagnement Psychologique de Louveign\u00e9\",\"potentialAction\":[{\"@type\":\"SearchAction\",\"target\":{\"@type\":\"EntryPoint\",\"urlTemplate\":\"https:\\\/\\\/www.centreapsyl.com\\\/?s={search_term_string}\"},\"query-input\":{\"@type\":\"PropertyValueSpecification\",\"valueRequired\":true,\"valueName\":\"search_term_string\"}}],\"inLanguage\":\"fr-BE\"}]}<\/script>\n<!-- \/ Yoast SEO plugin. -->","yoast_head_json":{"title":"Bureaux \u00e0 louer - Centre Apsyl","description":"Nous mettons \u00e0 votre disposition un espace de travail meubl\u00e9, adapt\u00e9 aux sp\u00e9cificit\u00e9s de votre profession","robots":{"index":"index","follow":"follow","max-snippet":"max-snippet:-1","max-image-preview":"max-image-preview:large","max-video-preview":"max-video-preview:-1"},"canonical":"http:\/\/www.centreapsyl.com\/bureaux-a-louer\/","og_locale":"fr_FR","og_type":"article","og_title":"Bureaux \u00e0 louer - Centre Apsyl","og_description":"Nous mettons \u00e0 votre disposition un espace de travail meubl\u00e9, adapt\u00e9 aux sp\u00e9cificit\u00e9s de votre profession","og_url":"http:\/\/www.centreapsyl.com\/bureaux-a-louer\/","og_site_name":"Centre Apsyl","article_modified_time":"2026-01-15T08:14:31+00:00","og_image":[{"width":2560,"height":1707,"url":"http:\/\/www.centreapsyl.com\/wp-content\/uploads\/2025\/11\/promoted-scaled.jpg","type":"image\/jpeg"}],"twitter_card":"summary_large_image","twitter_misc":{"Dur\u00e9e de lecture est.":"4 minutes"},"schema":{"@context":"https:\/\/schema.org","@graph":[{"@type":"WebPage","@id":"http:\/\/www.centreapsyl.com\/bureaux-a-louer\/","url":"http:\/\/www.centreapsyl.com\/bureaux-a-louer\/","name":"Bureaux \u00e0 louer - Centre Apsyl","isPartOf":{"@id":"https:\/\/www.centreapsyl.com\/#website"},"primaryImageOfPage":{"@id":"http:\/\/www.centreapsyl.com\/bureaux-a-louer\/#primaryimage"},"image":{"@id":"http:\/\/www.centreapsyl.com\/bureaux-a-louer\/#primaryimage"},"thumbnailUrl":"https:\/\/www.centreapsyl.com\/wp-content\/uploads\/2025\/11\/promoted-scaled.jpg","datePublished":"2025-11-18T20:34:07+00:00","dateModified":"2026-01-15T08:14:31+00:00","description":"Nous mettons \u00e0 votre disposition un espace de travail meubl\u00e9, adapt\u00e9 aux sp\u00e9cificit\u00e9s de votre profession","breadcrumb":{"@id":"http:\/\/www.centreapsyl.com\/bureaux-a-louer\/#breadcrumb"},"inLanguage":"fr-BE","potentialAction":[{"@type":"ReadAction","target":["http:\/\/www.centreapsyl.com\/bureaux-a-louer\/"]}]},{"@type":"ImageObject","inLanguage":"fr-BE","@id":"http:\/\/www.centreapsyl.com\/bureaux-a-louer\/#primaryimage","url":"https:\/\/www.centreapsyl.com\/wp-content\/uploads\/2025\/11\/promoted-scaled.jpg","contentUrl":"https:\/\/www.centreapsyl.com\/wp-content\/uploads\/2025\/11\/promoted-scaled.jpg","width":2560,"height":1707},{"@type":"BreadcrumbList","@id":"http:\/\/www.centreapsyl.com\/bureaux-a-louer\/#breadcrumb","itemListElement":[{"@type":"ListItem","position":1,"name":"Home","item":"https:\/\/www.centreapsyl.com\/"},{"@type":"ListItem","position":2,"name":"Bureaux \u00e0 louer"}]},{"@type":"WebSite","@id":"https:\/\/www.centreapsyl.com\/#website","url":"https:\/\/www.centreapsyl.com\/","name":"Centre Apsyl","description":"Centre Accompagnement Psychologique de Louveign\u00e9","potentialAction":[{"@type":"SearchAction","target":{"@type":"EntryPoint","urlTemplate":"https:\/\/www.centreapsyl.com\/?s={search_term_string}"},"query-input":{"@type":"PropertyValueSpecification","valueRequired":true,"valueName":"search_term_string"}}],"inLanguage":"fr-BE"}]}},"_links":{"self":[{"href":"https:\/\/www.centreapsyl.com\/index.php\/wp-json\/wp\/v2\/pages\/547","targetHints":{"allow":["GET"]}}],"collection":[{"href":"https:\/\/www.centreapsyl.com\/index.php\/wp-json\/wp\/v2\/pages"}],"about":[{"href":"https:\/\/www.centreapsyl.com\/index.php\/wp-json\/wp\/v2\/types\/page"}],"author":[{"embeddable":true,"href":"https:\/\/www.centreapsyl.com\/index.php\/wp-json\/wp\/v2\/users\/1"}],"replies":[{"embeddable":true,"href":"https:\/\/www.centreapsyl.com\/index.php\/wp-json\/wp\/v2\/comments?post=547"}],"version-history":[{"count":57,"href":"https:\/\/www.centreapsyl.com\/index.php\/wp-json\/wp\/v2\/pages\/547\/revisions"}],"predecessor-version":[{"id":984,"href":"https:\/\/www.centreapsyl.com\/index.php\/wp-json\/wp\/v2\/pages\/547\/revisions\/984"}],"wp:featuredmedia":[{"embeddable":true,"href":"https:\/\/www.centreapsyl.com\/index.php\/wp-json\/wp\/v2\/media\/928"}],"wp:attachment":[{"href":"https:\/\/www.centreapsyl.com\/index.php\/wp-json\/wp\/v2\/media?parent=547"}],"curies":[{"name":"wp","href":"https:\/\/api.w.org\/{rel}","templated":true}]}}