{"id":554,"date":"2025-11-18T20:38:00","date_gmt":"2025-11-18T20:38:00","guid":{"rendered":"https:\/\/www.centreapsyl.com\/?page_id=554"},"modified":"2026-02-14T21:19:50","modified_gmt":"2026-02-14T21:19:50","slug":"equipe","status":"publish","type":"page","link":"http:\/\/www.centreapsyl.com\/equipe\/","title":{"rendered":"\u00c9quipe"},"content":{"rendered":"<div id=\"pl-gb554-69e0e0886c834\"  class=\"panel-layout\" ><div id=\"pg-gb554-69e0e0886c834-0\"  class=\"panel-grid panel-has-style\" ><div class=\"panel-row-style panel-row-style-for-gb554-69e0e0886c834-0\" ><div id=\"pgc-gb554-69e0e0886c834-0-0\"  class=\"panel-grid-cell\" ><div id=\"panel-gb554-69e0e0886c834-0-0-0\" class=\"so-panel widget widget_sow-headline panel-first-child\" data-index=\"0\" ><div\n\t\t\t\n\t\t\tclass=\"so-widget-sow-headline so-widget-sow-headline-default-1c5137fb399c-554\"\n\t\t\t\n\t\t><div class=\"sow-headline-container \">\n\t\t\t\t\t\t\t<h1 class=\"sow-headline\">\n\t\t\t\t\t\tNotre \u00e9quipe\t\t\t\t\t\t<\/h1>\n\t\t\t\t\t\t\t\t\t\t\t<div class=\"decoration\">\n\t\t\t\t\t\t<div class=\"decoration-inside\"><\/div>\n\t\t\t\t\t<\/div>\n\t\t\t\t\t<\/div>\n<\/div><\/div><div id=\"panel-gb554-69e0e0886c834-0-0-1\" class=\"so-panel widget widget_text panel-last-child\" data-index=\"1\" >\t\t\t<div class=\"textwidget\"><p>Notre centre met ses locaux \u00e0 disposition de professionnels de soins de sant\u00e9 mentale issus de diff\u00e9rentes disciplines : psychologues, neuropsychologues, psychoth\u00e9rapeutes, sexologues, psychiatres, m\u00e9decins, logop\u00e8des, orthop\u00e9dagogues\u2026<\/p>\n<p>L&rsquo;\u00e9quipe est actuellement en cours de constitution.<\/p>\n<\/div>\n\t\t<\/div><\/div><\/div><\/div><div id=\"pg-gb554-69e0e0886c834-1\"  class=\"panel-grid panel-has-style\" ><div class=\"panel-row-style panel-row-style-for-gb554-69e0e0886c834-1\" ><div id=\"pgc-gb554-69e0e0886c834-1-0\"  class=\"panel-grid-cell\" ><div id=\"panel-gb554-69e0e0886c834-1-0-0\" class=\"widget_text so-panel widget widget_custom_html panel-first-child panel-last-child\" data-index=\"2\" ><div class=\"widget_text panel-widget-style panel-widget-style-for-gb554-69e0e0886c834-1-0-0\" ><div class=\"textwidget custom-html-widget\"><div style=\"height:1px; background:#000; width:100%;\"><\/div><\/div><\/div><\/div><\/div><\/div><\/div><div id=\"pg-gb554-69e0e0886c834-2\"  class=\"panel-grid panel-no-style\" ><div id=\"pgc-gb554-69e0e0886c834-2-0\"  class=\"panel-grid-cell\" ><div id=\"panel-gb554-69e0e0886c834-2-0-0\" class=\"so-panel widget widget_siteorigin-panels-postloop panel-first-child\" data-index=\"3\" ><div class=\"panel-widget-style panel-widget-style-for-gb554-69e0e0886c834-2-0-0\" ><div class=\"nv-content-wrap entry-content\"><div id=\"pl-gb654-69e0e0886e9d5\"  class=\"panel-layout\" ><div id=\"pg-gb654-69e0e0886e9d5-0\"  class=\"panel-grid panel-has-style\" ><div class=\"panel-row-style panel-row-style-for-gb654-69e0e0886e9d5-0\" ><div id=\"pgc-gb654-69e0e0886e9d5-0-0\"  class=\"panel-grid-cell\" ><div id=\"panel-gb654-69e0e0886e9d5-0-0-0\" class=\"so-panel widget widget_sow-image panel-first-child\" data-index=\"0\" ><div\n\t\t\t\n\t\t\tclass=\"so-widget-sow-image so-widget-sow-image-default-2d62b5e933e5-654\"\n\t\t\t\n\t\t>\n<div class=\"sow-image-container\">\n\t\t<img \n\tsrc=\"https:\/\/www.centreapsyl.com\/wp-content\/uploads\/2025\/11\/1757937501740-150x150.png\" width=\"150\" height=\"150\" srcset=\"https:\/\/www.centreapsyl.com\/wp-content\/uploads\/2025\/11\/1757937501740-150x150.png 150w, https:\/\/www.centreapsyl.com\/wp-content\/uploads\/2025\/11\/1757937501740-300x300.png 300w, https:\/\/www.centreapsyl.com\/wp-content\/uploads\/2025\/11\/1757937501740-768x768.png 768w, https:\/\/www.centreapsyl.com\/wp-content\/uploads\/2025\/11\/1757937501740.png 800w\" sizes=\"(max-width: 150px) 100vw, 150px\" alt=\"\" \t\tclass=\"so-widget-image\"\/>\n\t<\/div>\n\n<\/div><\/div><div id=\"panel-gb654-69e0e0886e9d5-0-0-1\" class=\"so-panel widget widget_sow-headline panel-last-child\" data-index=\"1\" ><div\n\t\t\t\n\t\t\tclass=\"so-widget-sow-headline so-widget-sow-headline-default-127524853bb6-654\"\n\t\t\t\n\t\t><div class=\"sow-headline-container \">\n\t\t\t\t\t\t\t<h3 class=\"sow-headline\">\n\t\t\t\t\t\tDr Julie Demblon\t\t\t\t\t\t<\/h3>\n\t\t\t\t\t\t\t\t\t\t\t\t<p class=\"sow-sub-headline\">\n\t\t\t\t\t\tPsychologue clinicienne\t\t\t\t\t\t<\/p>\n\t\t\t\t\t\t<\/div>\n<\/div><\/div><\/div><div id=\"pgc-gb654-69e0e0886e9d5-0-1\"  class=\"panel-grid-cell\" ><div id=\"panel-gb654-69e0e0886e9d5-0-1-0\" class=\"so-panel widget widget_text panel-first-child panel-last-child\" data-index=\"2\" >\t\t\t<div class=\"textwidget\"><p>Psychologue clinicienne et docteur en sciences psychologiques.<\/p>\n<p>Prise de rendez-vous via ma page web.<\/p>\n<\/div>\n\t\t<\/div><\/div><div id=\"pgc-gb654-69e0e0886e9d5-0-2\"  class=\"panel-grid-cell\" ><div id=\"panel-gb654-69e0e0886e9d5-0-2-0\" class=\"so-panel widget widget_sow-button panel-first-child\" data-index=\"3\" ><div\n\t\t\t\n\t\t\tclass=\"so-widget-sow-button so-widget-sow-button-wire-d115cf1e3d3e-654\"\n\t\t\t\n\t\t><div class=\"ow-button-base ow-button-align-center\"\n>\n\t\t\t<a\n\t\t\t\t\thref=\"mailto:info@drdemblon.com\"\n\t\t\t\t\tclass=\"sowb-button ow-icon-placement-left ow-button-hover\" \t>\n\t\t<span>\n\t\t\t<span class=\"sow-icon-icomoon\" data-sow-icon=\"&#xea83;\"\n\t\tstyle=\"\" \n\t\taria-hidden=\"true\"><\/span>\n\t\t\tE-mail\t\t<\/span>\n\t\t\t<\/a>\n\t<\/div>\n<\/div><\/div><div id=\"panel-gb654-69e0e0886e9d5-0-2-1\" class=\"so-panel widget widget_sow-button\" data-index=\"4\" ><div\n\t\t\t\n\t\t\tclass=\"so-widget-sow-button so-widget-sow-button-wire-d115cf1e3d3e-654\"\n\t\t\t\n\t\t><div class=\"ow-button-base ow-button-align-center\"\n>\n\t\t\t<a\n\t\t\t\t\thref=\"https:\/\/www.drdemblon.com\"\n\t\t\t\t\tclass=\"sowb-button ow-icon-placement-left ow-button-hover\" \t>\n\t\t<span>\n\t\t\t<span class=\"sow-icon-icomoon\" data-sow-icon=\"&#xe900;\"\n\t\tstyle=\"\" \n\t\taria-hidden=\"true\"><\/span>\n\t\t\tSite Web\t\t<\/span>\n\t\t\t<\/a>\n\t<\/div>\n<\/div><\/div><div id=\"panel-gb654-69e0e0886e9d5-0-2-2\" class=\"so-panel widget widget_sow-button panel-last-child\" data-index=\"5\" ><div\n\t\t\t\n\t\t\tclass=\"so-widget-sow-button so-widget-sow-button-wire-d115cf1e3d3e-654\"\n\t\t\t\n\t\t><div class=\"ow-button-base ow-button-align-center\"\n>\n\t\t\t<a\n\t\t\t\t\thref=\"https:\/\/www.linkedin.com\/in\/julie-demblon-7148293b\/\"\n\t\t\t\t\tclass=\"sowb-button ow-icon-placement-left ow-button-hover\" \t>\n\t\t<span>\n\t\t\t<span class=\"sow-icon-icomoon\" data-sow-icon=\"&#xeac9;\"\n\t\tstyle=\"\" \n\t\taria-hidden=\"true\"><\/span>\n\t\t\tLinkedin\t\t<\/span>\n\t\t\t<\/a>\n\t<\/div>\n<\/div><\/div><\/div><\/div><\/div><\/div><\/div><\/div><\/div><div id=\"panel-gb554-69e0e0886c834-2-0-1\" class=\"widget_text so-panel widget widget_custom_html\" data-index=\"4\" ><div class=\"widget_text panel-widget-style panel-widget-style-for-gb554-69e0e0886c834-2-0-1\" ><div class=\"textwidget custom-html-widget\"><div style=\"height:1px; background:#000; width:100%;\"><\/div><\/div><\/div><\/div><div id=\"panel-gb554-69e0e0886c834-2-0-2\" class=\"so-panel widget widget_siteorigin-panels-postloop\" data-index=\"5\" ><div class=\"panel-widget-style panel-widget-style-for-gb554-69e0e0886c834-2-0-2\" ><div class=\"nv-content-wrap entry-content\"><div id=\"pl-gb684-69e0e08874010\"  class=\"panel-layout\" ><div id=\"pg-gb684-69e0e08874010-0\"  class=\"panel-grid panel-has-style\" ><div class=\"panel-row-style panel-row-style-for-gb684-69e0e08874010-0\" ><div id=\"pgc-gb684-69e0e08874010-0-0\"  class=\"panel-grid-cell\" ><div id=\"panel-gb684-69e0e08874010-0-0-0\" class=\"so-panel widget widget_sow-image panel-first-child\" data-index=\"0\" ><div\n\t\t\t\n\t\t\tclass=\"so-widget-sow-image so-widget-sow-image-default-2d62b5e933e5-684\"\n\t\t\t\n\t\t>\n<div class=\"sow-image-container\">\n\t\t<img \n\tsrc=\"https:\/\/www.centreapsyl.com\/wp-content\/uploads\/2025\/11\/Nathalie_laboureur-150x150.jpeg\" width=\"150\" height=\"150\" sizes=\"(max-width: 150px) 100vw, 150px\" alt=\"\" \t\tclass=\"so-widget-image\"\/>\n\t<\/div>\n\n<\/div><\/div><div id=\"panel-gb684-69e0e08874010-0-0-1\" class=\"so-panel widget widget_sow-headline panel-last-child\" data-index=\"1\" ><div\n\t\t\t\n\t\t\tclass=\"so-widget-sow-headline so-widget-sow-headline-default-127524853bb6-684\"\n\t\t\t\n\t\t><div class=\"sow-headline-container \">\n\t\t\t\t\t\t\t<h3 class=\"sow-headline\">\n\t\t\t\t\t\tMme Nathalie Laboureur\t\t\t\t\t\t<\/h3>\n\t\t\t\t\t\t\t\t\t\t\t\t<p class=\"sow-sub-headline\">\n\t\t\t\t\t\tArt-th\u00e9rapeute\t\t\t\t\t\t<\/p>\n\t\t\t\t\t\t<\/div>\n<\/div><\/div><\/div><div id=\"pgc-gb684-69e0e08874010-0-1\"  class=\"panel-grid-cell\" ><div id=\"panel-gb684-69e0e08874010-0-1-0\" class=\"so-panel widget widget_text panel-first-child panel-last-child\" data-index=\"2\" >\t\t\t<div class=\"textwidget\"><p><span class=\"x193iq5w xeuugli x13faqbe x1vvkbs x1xmvt09 x1lliihq x1s928wv xhkezso x1gmr53x x1cpjm7i x1fgarty x1943h6x xudqn12 x3x7a5m x6prxxf xvq8zen xo1l8bm xzsf02u x1yc453h\" dir=\"auto\">Art-th\u00e9rapie. S\u00e9ances individuelles ou ateliers de groupe.<\/span><\/p>\n<p>Prise de rendez-vous par t\u00e9l\u00e9phone ou par E-mail<\/p>\n<\/div>\n\t\t<\/div><\/div><div id=\"pgc-gb684-69e0e08874010-0-2\"  class=\"panel-grid-cell\" ><div id=\"panel-gb684-69e0e08874010-0-2-0\" class=\"so-panel widget widget_sow-button panel-first-child\" data-index=\"3\" ><div\n\t\t\t\n\t\t\tclass=\"so-widget-sow-button so-widget-sow-button-wire-d115cf1e3d3e-684\"\n\t\t\t\n\t\t><div class=\"ow-button-base ow-button-align-center\"\n>\n\t\t\t<a\n\t\t\t\t\thref=\"mailto:nathalie.laboureurr@gmail.com\"\n\t\t\t\t\tclass=\"sowb-button ow-icon-placement-left ow-button-hover\" \t>\n\t\t<span>\n\t\t\t<span class=\"sow-icon-icomoon\" data-sow-icon=\"&#xea83;\"\n\t\tstyle=\"\" \n\t\taria-hidden=\"true\"><\/span>\n\t\t\tE-mail\t\t<\/span>\n\t\t\t<\/a>\n\t<\/div>\n<\/div><\/div><div id=\"panel-gb684-69e0e08874010-0-2-1\" class=\"so-panel widget widget_sow-button\" data-index=\"4\" ><div\n\t\t\t\n\t\t\tclass=\"so-widget-sow-button so-widget-sow-button-wire-d115cf1e3d3e-684\"\n\t\t\t\n\t\t><div class=\"ow-button-base ow-button-align-center\"\n>\n\t\t\t<a\n\t\t\t\t\thref=\"https:\/\/www.facebook.com\/profile.php?id=61587528992091\"\n\t\t\t\t\tclass=\"sowb-button ow-icon-placement-left ow-button-hover\" \t>\n\t\t<span>\n\t\t\t<span class=\"sow-icon-icomoon\" data-sow-icon=\"&#xea91;\"\n\t\tstyle=\"\" \n\t\taria-hidden=\"true\"><\/span>\n\t\t\tFacebook\t\t<\/span>\n\t\t\t<\/a>\n\t<\/div>\n<\/div><\/div><div id=\"panel-gb684-69e0e08874010-0-2-2\" class=\"so-panel widget widget_sow-button panel-last-child\" data-index=\"5\" ><div\n\t\t\t\n\t\t\tclass=\"so-widget-sow-button so-widget-sow-button-wire-d115cf1e3d3e-684\"\n\t\t\t\n\t\t><div class=\"ow-button-base ow-button-align-center\"\n>\n\t\t\t<a\n\t\t\t\t\thref=\"tel:0486440556\"\n\t\t\t\t\tclass=\"sowb-button ow-icon-placement-left ow-button-hover\" \t>\n\t\t<span>\n\t\t\t<span class=\"sow-icon-icomoon\" data-sow-icon=\"&#xe958;\"\n\t\tstyle=\"\" \n\t\taria-hidden=\"true\"><\/span>\n\t\t\tT\u00e9l\u00e9phone\t\t<\/span>\n\t\t\t<\/a>\n\t<\/div>\n<\/div><\/div><\/div><\/div><\/div><\/div>\n\n\n<p><\/p>\n<\/div><\/div><\/div><div id=\"panel-gb554-69e0e0886c834-2-0-3\" class=\"widget_text so-panel widget widget_custom_html\" data-index=\"6\" ><div class=\"widget_text panel-widget-style panel-widget-style-for-gb554-69e0e0886c834-2-0-3\" ><div class=\"textwidget custom-html-widget\"><div style=\"height:1px; background:#000; width:100%;\"><\/div><\/div><\/div><\/div><div id=\"panel-gb554-69e0e0886c834-2-0-4\" class=\"so-panel widget widget_siteorigin-panels-postloop panel-last-child\" data-index=\"7\" ><div class=\"panel-widget-style panel-widget-style-for-gb554-69e0e0886c834-2-0-4\" ><\/div><\/div><\/div><\/div><\/div>\n\n\n<p><\/p>\n","protected":false},"excerpt":{"rendered":"<p>Art-th\u00e9rapie. S\u00e9ances individuelles ou ateliers de groupe. Prise de rendez-vous par t\u00e9l\u00e9phone ou par E-mail<\/p>\n","protected":false},"author":1,"featured_media":928,"parent":0,"menu_order":0,"comment_status":"closed","ping_status":"closed","template":"","meta":{"neve_meta_sidebar":"","neve_meta_container":"","neve_meta_enable_content_width":"off","neve_meta_content_width":100,"neve_meta_title_alignment":"","neve_meta_author_avatar":"","neve_post_elements_order":"","neve_meta_disable_header":"","neve_meta_disable_footer":"","neve_meta_disable_title":"","footnotes":""},"class_list":["post-554","page","type-page","status-publish","has-post-thumbnail","hentry"],"yoast_head":"<!-- This site is optimized with the Yoast SEO plugin v27.4 - https:\/\/yoast.com\/product\/yoast-seo-wordpress\/ -->\n<title>\u00c9quipe - Centre Apsyl<\/title>\n<meta name=\"description\" content=\"Notre centre s\u2019adresse aux professionnels de la sant\u00e9 mentale (psychologues, neuropsychologues, psychoth\u00e9rapeutes, sexologues, psychiatres, logop\u00e8des, orthop\u00e9dagogues\u2026).\" \/>\n<meta name=\"robots\" content=\"index, follow, max-snippet:-1, max-image-preview:large, max-video-preview:-1\" \/>\n<link rel=\"canonical\" href=\"http:\/\/www.centreapsyl.com\/equipe\/\" \/>\n<meta property=\"og:locale\" content=\"fr_FR\" \/>\n<meta property=\"og:type\" content=\"article\" \/>\n<meta property=\"og:title\" content=\"\u00c9quipe - Centre Apsyl\" \/>\n<meta property=\"og:description\" content=\"Notre centre s\u2019adresse aux professionnels de la sant\u00e9 mentale (psychologues, neuropsychologues, psychoth\u00e9rapeutes, sexologues, psychiatres, logop\u00e8des, orthop\u00e9dagogues\u2026).\" \/>\n<meta property=\"og:url\" content=\"http:\/\/www.centreapsyl.com\/equipe\/\" \/>\n<meta property=\"og:site_name\" content=\"Centre Apsyl\" \/>\n<meta property=\"article:modified_time\" content=\"2026-02-14T21:19:50+00:00\" \/>\n<meta property=\"og:image\" content=\"http:\/\/www.centreapsyl.com\/wp-content\/uploads\/2025\/11\/promoted-scaled.jpg\" \/>\n\t<meta property=\"og:image:width\" content=\"2560\" \/>\n\t<meta property=\"og:image:height\" content=\"1707\" \/>\n\t<meta property=\"og:image:type\" content=\"image\/jpeg\" \/>\n<meta name=\"twitter:card\" content=\"summary_large_image\" \/>\n<meta name=\"twitter:label1\" content=\"Dur\u00e9e de lecture est.\" \/>\n\t<meta name=\"twitter:data1\" content=\"1 minute\" \/>\n<script type=\"application\/ld+json\" class=\"yoast-schema-graph\">{\"@context\":\"https:\\\/\\\/schema.org\",\"@graph\":[{\"@type\":\"WebPage\",\"@id\":\"http:\\\/\\\/www.centreapsyl.com\\\/equipe\\\/\",\"url\":\"http:\\\/\\\/www.centreapsyl.com\\\/equipe\\\/\",\"name\":\"\u00c9quipe - Centre Apsyl\",\"isPartOf\":{\"@id\":\"https:\\\/\\\/www.centreapsyl.com\\\/#website\"},\"primaryImageOfPage\":{\"@id\":\"http:\\\/\\\/www.centreapsyl.com\\\/equipe\\\/#primaryimage\"},\"image\":{\"@id\":\"http:\\\/\\\/www.centreapsyl.com\\\/equipe\\\/#primaryimage\"},\"thumbnailUrl\":\"https:\\\/\\\/www.centreapsyl.com\\\/wp-content\\\/uploads\\\/2025\\\/11\\\/promoted-scaled.jpg\",\"datePublished\":\"2025-11-18T20:38:00+00:00\",\"dateModified\":\"2026-02-14T21:19:50+00:00\",\"description\":\"Notre centre s\u2019adresse aux professionnels de la sant\u00e9 mentale (psychologues, neuropsychologues, psychoth\u00e9rapeutes, sexologues, psychiatres, logop\u00e8des, orthop\u00e9dagogues\u2026).\",\"breadcrumb\":{\"@id\":\"http:\\\/\\\/www.centreapsyl.com\\\/equipe\\\/#breadcrumb\"},\"inLanguage\":\"fr-BE\",\"potentialAction\":[{\"@type\":\"ReadAction\",\"target\":[\"http:\\\/\\\/www.centreapsyl.com\\\/equipe\\\/\"]}]},{\"@type\":\"ImageObject\",\"inLanguage\":\"fr-BE\",\"@id\":\"http:\\\/\\\/www.centreapsyl.com\\\/equipe\\\/#primaryimage\",\"url\":\"https:\\\/\\\/www.centreapsyl.com\\\/wp-content\\\/uploads\\\/2025\\\/11\\\/promoted-scaled.jpg\",\"contentUrl\":\"https:\\\/\\\/www.centreapsyl.com\\\/wp-content\\\/uploads\\\/2025\\\/11\\\/promoted-scaled.jpg\",\"width\":2560,\"height\":1707},{\"@type\":\"BreadcrumbList\",\"@id\":\"http:\\\/\\\/www.centreapsyl.com\\\/equipe\\\/#breadcrumb\",\"itemListElement\":[{\"@type\":\"ListItem\",\"position\":1,\"name\":\"Home\",\"item\":\"https:\\\/\\\/www.centreapsyl.com\\\/\"},{\"@type\":\"ListItem\",\"position\":2,\"name\":\"\u00c9quipe\"}]},{\"@type\":\"WebSite\",\"@id\":\"https:\\\/\\\/www.centreapsyl.com\\\/#website\",\"url\":\"https:\\\/\\\/www.centreapsyl.com\\\/\",\"name\":\"Centre Apsyl\",\"description\":\"Centre Accompagnement Psychologique de Louveign\u00e9\",\"potentialAction\":[{\"@type\":\"SearchAction\",\"target\":{\"@type\":\"EntryPoint\",\"urlTemplate\":\"https:\\\/\\\/www.centreapsyl.com\\\/?s={search_term_string}\"},\"query-input\":{\"@type\":\"PropertyValueSpecification\",\"valueRequired\":true,\"valueName\":\"search_term_string\"}}],\"inLanguage\":\"fr-BE\"}]}<\/script>\n<!-- \/ Yoast SEO plugin. -->","yoast_head_json":{"title":"\u00c9quipe - Centre Apsyl","description":"Notre centre s\u2019adresse aux professionnels de la sant\u00e9 mentale (psychologues, neuropsychologues, psychoth\u00e9rapeutes, sexologues, psychiatres, logop\u00e8des, orthop\u00e9dagogues\u2026).","robots":{"index":"index","follow":"follow","max-snippet":"max-snippet:-1","max-image-preview":"max-image-preview:large","max-video-preview":"max-video-preview:-1"},"canonical":"http:\/\/www.centreapsyl.com\/equipe\/","og_locale":"fr_FR","og_type":"article","og_title":"\u00c9quipe - Centre Apsyl","og_description":"Notre centre s\u2019adresse aux professionnels de la sant\u00e9 mentale (psychologues, neuropsychologues, psychoth\u00e9rapeutes, sexologues, psychiatres, logop\u00e8des, orthop\u00e9dagogues\u2026).","og_url":"http:\/\/www.centreapsyl.com\/equipe\/","og_site_name":"Centre Apsyl","article_modified_time":"2026-02-14T21:19:50+00:00","og_image":[{"width":2560,"height":1707,"url":"http:\/\/www.centreapsyl.com\/wp-content\/uploads\/2025\/11\/promoted-scaled.jpg","type":"image\/jpeg"}],"twitter_card":"summary_large_image","twitter_misc":{"Dur\u00e9e de lecture est.":"1 minute"},"schema":{"@context":"https:\/\/schema.org","@graph":[{"@type":"WebPage","@id":"http:\/\/www.centreapsyl.com\/equipe\/","url":"http:\/\/www.centreapsyl.com\/equipe\/","name":"\u00c9quipe - Centre Apsyl","isPartOf":{"@id":"https:\/\/www.centreapsyl.com\/#website"},"primaryImageOfPage":{"@id":"http:\/\/www.centreapsyl.com\/equipe\/#primaryimage"},"image":{"@id":"http:\/\/www.centreapsyl.com\/equipe\/#primaryimage"},"thumbnailUrl":"https:\/\/www.centreapsyl.com\/wp-content\/uploads\/2025\/11\/promoted-scaled.jpg","datePublished":"2025-11-18T20:38:00+00:00","dateModified":"2026-02-14T21:19:50+00:00","description":"Notre centre s\u2019adresse aux professionnels de la sant\u00e9 mentale (psychologues, neuropsychologues, psychoth\u00e9rapeutes, sexologues, psychiatres, logop\u00e8des, orthop\u00e9dagogues\u2026).","breadcrumb":{"@id":"http:\/\/www.centreapsyl.com\/equipe\/#breadcrumb"},"inLanguage":"fr-BE","potentialAction":[{"@type":"ReadAction","target":["http:\/\/www.centreapsyl.com\/equipe\/"]}]},{"@type":"ImageObject","inLanguage":"fr-BE","@id":"http:\/\/www.centreapsyl.com\/equipe\/#primaryimage","url":"https:\/\/www.centreapsyl.com\/wp-content\/uploads\/2025\/11\/promoted-scaled.jpg","contentUrl":"https:\/\/www.centreapsyl.com\/wp-content\/uploads\/2025\/11\/promoted-scaled.jpg","width":2560,"height":1707},{"@type":"BreadcrumbList","@id":"http:\/\/www.centreapsyl.com\/equipe\/#breadcrumb","itemListElement":[{"@type":"ListItem","position":1,"name":"Home","item":"https:\/\/www.centreapsyl.com\/"},{"@type":"ListItem","position":2,"name":"\u00c9quipe"}]},{"@type":"WebSite","@id":"https:\/\/www.centreapsyl.com\/#website","url":"https:\/\/www.centreapsyl.com\/","name":"Centre Apsyl","description":"Centre Accompagnement Psychologique de Louveign\u00e9","potentialAction":[{"@type":"SearchAction","target":{"@type":"EntryPoint","urlTemplate":"https:\/\/www.centreapsyl.com\/?s={search_term_string}"},"query-input":{"@type":"PropertyValueSpecification","valueRequired":true,"valueName":"search_term_string"}}],"inLanguage":"fr-BE"}]}},"_links":{"self":[{"href":"https:\/\/www.centreapsyl.com\/index.php\/wp-json\/wp\/v2\/pages\/554","targetHints":{"allow":["GET"]}}],"collection":[{"href":"https:\/\/www.centreapsyl.com\/index.php\/wp-json\/wp\/v2\/pages"}],"about":[{"href":"https:\/\/www.centreapsyl.com\/index.php\/wp-json\/wp\/v2\/types\/page"}],"author":[{"embeddable":true,"href":"https:\/\/www.centreapsyl.com\/index.php\/wp-json\/wp\/v2\/users\/1"}],"replies":[{"embeddable":true,"href":"https:\/\/www.centreapsyl.com\/index.php\/wp-json\/wp\/v2\/comments?post=554"}],"version-history":[{"count":82,"href":"https:\/\/www.centreapsyl.com\/index.php\/wp-json\/wp\/v2\/pages\/554\/revisions"}],"predecessor-version":[{"id":1008,"href":"https:\/\/www.centreapsyl.com\/index.php\/wp-json\/wp\/v2\/pages\/554\/revisions\/1008"}],"wp:featuredmedia":[{"embeddable":true,"href":"https:\/\/www.centreapsyl.com\/index.php\/wp-json\/wp\/v2\/media\/928"}],"wp:attachment":[{"href":"https:\/\/www.centreapsyl.com\/index.php\/wp-json\/wp\/v2\/media?parent=554"}],"curies":[{"name":"wp","href":"https:\/\/api.w.org\/{rel}","templated":true}]}}