{"id":560,"date":"2025-11-18T20:42:05","date_gmt":"2025-11-18T20:42:05","guid":{"rendered":"https:\/\/www.centreapsyl.com\/?page_id=560"},"modified":"2025-11-29T08:22:34","modified_gmt":"2025-11-29T08:22:34","slug":"acces-v2","status":"publish","type":"page","link":"http:\/\/www.centreapsyl.com\/acces-v2\/","title":{"rendered":"Acc\u00e8s"},"content":{"rendered":"<div id=\"pl-gb560-69e0e09e2a2b9\"  class=\"panel-layout\" ><div id=\"pg-gb560-69e0e09e2a2b9-0\"  class=\"panel-grid panel-has-style\" ><div class=\"siteorigin-panels-stretch panel-row-style panel-row-style-for-gb560-69e0e09e2a2b9-0\" data-stretch-type=\"full\" ><div id=\"pgc-gb560-69e0e09e2a2b9-0-0\"  class=\"panel-grid-cell\" ><div id=\"panel-gb560-69e0e09e2a2b9-0-0-0\" class=\"so-panel widget widget_sow-headline panel-first-child\" data-index=\"0\" ><div\n\t\t\t\n\t\t\tclass=\"so-widget-sow-headline so-widget-sow-headline-default-df0df6c32e13-560 so-widget-fittext-wrapper\"\n\t\t\t data-fit-text-compressor=\"0.85\"\n\t\t><div class=\"sow-headline-container \">\n\t\t\t\t\t\t\t<h1 class=\"sow-headline\">\n\t\t\t\t\t\tAcc\u00e9der au centre\t\t\t\t\t\t<\/h1>\n\t\t\t\t\t\t<\/div>\n<\/div><\/div><div id=\"panel-gb560-69e0e09e2a2b9-0-0-1\" class=\"so-panel widget widget_text\" data-index=\"1\" >\t\t\t<div class=\"textwidget\"><p>Les coordonn\u00e9es de contact sur cette page (t\u00e9l\u00e9phone et mail) concernent la location de bureaux uniquement.<br \/>\nPour toute demande de rendez-vous avec un praticien, veuillez prendre contact avec ce dernier en direct via ses coordonn\u00e9es de contact disponibles dans l&rsquo;onglet <a href=\"https:\/\/www.centreapsyl.com\/index.php\/equipe\/\">\u00c9quipe<\/a>.<\/p>\n<\/div>\n\t\t<\/div><div id=\"panel-gb560-69e0e09e2a2b9-0-0-2\" class=\"so-panel widget widget_sow-features panel-last-child\" data-index=\"2\" ><div\n\t\t\t\n\t\t\tclass=\"so-widget-sow-features so-widget-sow-features-default-2845561bd5e8-560\"\n\t\t\t\n\t\t><ul\n\tclass=\"sow-features-list\n\tsow-features-responsive\">\n\n\t\t\t<li\n\t\t\tclass=\"sow-features-feature sow-icon-container-position-top\"\n\t\t\tstyle=\"display: flex; flex-direction: column; width: calc(33.333% - 25px);\"\n\t\t>\n\t\t\t\n\t\t\t\t\t\t<div\t\t\t\tclass=\"sow-icon-container sow-container-none\"\n\t\t\t\tstyle=\"color: #2d2d2d; \"\n\t\t\t\t\n\t\t\t\t\t\t\t>\n\t\t\t\t<span class=\"sow-icon-elegantline\" data-sow-icon=\"&#xe004;\"\n\t\tstyle=\"font-size: 56px; color: #1e73be\" \n\t\taria-hidden=\"true\"><\/span>\t\t\t<\/div>\n\n\t\t\t<div class=\"textwidget\">\n\t\t\t\t\n\t\t\t\t\t\t\t\t\t<h5 class=\"sow-features-feature-title\">\n\t\t\t\t\t\tT\u00e9l\u00e9phone\t\t\t\t\t<\/h5>\n\t\t\t\t\n\t\t\t\t\t\t\t\t\t<div class=\"sow-features-feature-text\">\n\t\t\t\t\t<p><a href=\"tel:+32 (0)479 95 10 79\">+32 (0)479 95 10 79<\/a><\/p>\n\t\t\t\t\t<\/div>\n\t\t\t\t\t\t\t\t<\/div>\n\t\t\t\t\t\t\t\t<\/li>\n\n\t\t\t<li\n\t\t\tclass=\"sow-features-feature sow-icon-container-position-top\"\n\t\t\tstyle=\"display: flex; flex-direction: column; width: calc(33.333% - 25px);\"\n\t\t>\n\t\t\t\n\t\t\t\t\t\t<div\t\t\t\tclass=\"sow-icon-container sow-container-none\"\n\t\t\t\tstyle=\"color: #2d2d2d; \"\n\t\t\t\t\n\t\t\t\t\t\t\t>\n\t\t\t\t<span class=\"sow-icon-elegantline\" data-sow-icon=\"&#xe047;\"\n\t\tstyle=\"font-size: 56px; color: #1e73be\" \n\t\taria-hidden=\"true\"><\/span>\t\t\t<\/div>\n\n\t\t\t<div class=\"textwidget\">\n\t\t\t\t\n\t\t\t\t\t\t\t\t\t<h5 class=\"sow-features-feature-title\">\n\t\t\t\t\t\tAdresse\t\t\t\t\t<\/h5>\n\t\t\t\t\n\t\t\t\t\t\t\t\t\t<div class=\"sow-features-feature-text\">\n\t\t\t\t\t<p class=\"p1\"><a href=\"https:\/\/share.google\/9wdWA9wX0FnwUsZUF\">Rue de Remouchamps, 34D<\/a><br \/>\n<a href=\"https:\/\/share.google\/9wdWA9wX0FnwUsZUF\">4141 Louveign\u00e9 (Sprimont)<\/a><\/p>\n\t\t\t\t\t<\/div>\n\t\t\t\t\t\t\t\t<\/div>\n\t\t\t\t\t\t\t\t<\/li>\n\n\t\t\t<li\n\t\t\tclass=\"sow-features-feature sow-icon-container-position-top\"\n\t\t\tstyle=\"display: flex; flex-direction: column; width: calc(33.333% - 25px);\"\n\t\t>\n\t\t\t\n\t\t\t\t\t\t<div\t\t\t\tclass=\"sow-icon-container sow-container-none\"\n\t\t\t\tstyle=\"color: #2d2d2d; \"\n\t\t\t\t\n\t\t\t\t\t\t\t>\n\t\t\t\t<span class=\"sow-icon-elegantline\" data-sow-icon=\"&#xe028;\"\n\t\tstyle=\"font-size: 56px; color: #1e73be\" \n\t\taria-hidden=\"true\"><\/span>\t\t\t<\/div>\n\n\t\t\t<div class=\"textwidget\">\n\t\t\t\t\n\t\t\t\t\t\t\t\t\t<h5 class=\"sow-features-feature-title\">\n\t\t\t\t\t\tEmail\t\t\t\t\t<\/h5>\n\t\t\t\t\n\t\t\t\t\t\t\t\t\t<div class=\"sow-features-feature-text\">\n\t\t\t\t\t<p><a href=\"mailto:info@centreapsyl.com\">info@centreapsyl.com<\/a><\/p>\n\t\t\t\t\t<\/div>\n\t\t\t\t\t\t\t\t<\/div>\n\t\t\t\t\t\t\t\t<\/li>\n\n\t<\/ul>\n<\/div><\/div><\/div><\/div><\/div><div id=\"pg-gb560-69e0e09e2a2b9-1\"  class=\"panel-grid panel-has-style\" ><div class=\"siteorigin-panels-stretch panel-row-style panel-row-style-for-gb560-69e0e09e2a2b9-1\" data-stretch-type=\"full-width-stretch\" ><div id=\"pgc-gb560-69e0e09e2a2b9-1-0\"  class=\"panel-grid-cell\" ><div id=\"panel-gb560-69e0e09e2a2b9-1-0-0\" class=\"so-panel widget widget_wpgmza_map_widget wpgmza_widget panel-first-child panel-last-child\" data-index=\"3\"><div id=\"wpgmza_map\" class=\"wpgmza_map\" data-settings='{\"id\":\"1\",\"map_title\":\"Centre Apsyl\",\"map_width\":\"100\",\"map_height\":\"400\",\"map_start_lat\":\"50.52447760000001\",\"map_start_lng\":\"5.7227228\",\"map_start_location\":\"45.950464398418106,-109.81550500000003\",\"map_start_zoom\":\"16\",\"default_marker\":\"\",\"type\":\"0\",\"alignment\":\"4\",\"directions_enabled\":\"0\",\"styling_enabled\":\"0\",\"styling_json\":\"\",\"active\":\"0\",\"kml\":\"\",\"bicycle\":\"0\",\"traffic\":\"0\",\"dbox\":\"0\",\"dbox_width\":\"\",\"listmarkers\":\"0\",\"listmarkers_advanced\":\"0\",\"filterbycat\":\"0\",\"ugm_enabled\":\"0\",\"ugm_category_enabled\":\"0\",\"fusion\":\"\",\"map_width_type\":\"%\",\"map_height_type\":\"px\",\"mass_marker_support\":\"0\",\"ugm_access\":\"0\",\"order_markers_by\":\"0\",\"order_markers_choice\":\"0\",\"show_user_location\":\"0\",\"default_to\":\"\",\"other_settings\":{\"map_type\":1,\"sl_stroke_color\":\"\",\"sl_fill_color\":\"\",\"sl_stroke_opacity\":\"\",\"sl_fill_opacity\":\"\",\"transport_layer\":false,\"action\":\"wpgmza_save_map\",\"redirect_to\":\"\\\/wp-admin\\\/admin-post.php\",\"map_id\":\"1\",\"http_referer\":\"\\\/wp-admin\\\/admin.php?page=wp-google-maps-menu&amp;amp;action=edit&amp;amp;map_id=1\",\"wpgmza_id\":\"1\",\"wpgmza_start_location\":\"50.52447760000001,5.7227228\",\"wpgmza_start_zoom\":\"4\",\"store_locator_enabled\":false,\"store_locator_search_area\":\"radial\",\"wpgmza_store_locator_radius_style\":\"legacy\",\"wpgmza_store_locator_default_radius\":\"10\",\"store_locator_auto_area_max_zoom\":\"\",\"store_locator_distance\":false,\"wpgmza_store_locator_position\":false,\"store_locator_show_distance\":false,\"store_locator_category\":false,\"wpgmza_store_locator_use_their_location\":false,\"wpgmza_store_locator_bounce\":false,\"wpgmza_sl_animation\":null,\"wpgmza_store_locator_hide_before_search\":false,\"store_locator_query_string\":\"\",\"store_locator_location_placeholder\":\"\",\"store_locator_default_address\":\"\",\"store_locator_name_search\":false,\"store_locator_name_string\":\"\",\"store_locator_not_found_message\":\"\",\"wpgmza_map_align\":\"1\",\"jump_to_nearest_marker_on_initialization\":false,\"automatically_pan_to_users_location\":false,\"override_users_location_zoom_level\":false,\"override_users_location_zoom_levels\":\"\",\"show_distance_from_location\":false,\"map_max_zoom\":\"21\",\"map_min_zoom\":\"0\",\"click_open_link\":false,\"fit_maps_bounds_to_markers\":false,\"fit_maps_bounds_to_markers_after_filtering\":false,\"hide_point_of_interest\":false,\"wpgmza_zoom_on_marker_click\":false,\"wpgmza_zoom_on_marker_click_slider\":\"\",\"close_infowindow_on_map_click\":false,\"disable_lightbox_images\":false,\"use_Raw_Jpeg_Coordinates\":false,\"disable_polygon_info_windows\":false,\"enable_marker_ratings\":false,\"enable_marker_labels\":false,\"only_load_markers_within_viewport\":false,\"zoom_level_mobile_override_enabled\":false,\"zoom_level_mobile_override\":\"\",\"iw_primary_color\":\"#000000\",\"iw_accent_color\":\"#000000\",\"iw_text_color\":\"#000000\",\"wpgmza_listmarkers_by\":\"0\",\"wpgmza_marker_listing_position\":false,\"zoom_level_on_marker_listing_override\":false,\"zoom_level_on_marker_listing_click\":\"\",\"marker_listing_disable_zoom\":false,\"datatable_no_result_message\":\"\",\"remove_search_box_datables\":false,\"dataTable_pagination_style\":null,\"datatable_search_string\":\"\",\"datatable_result_start\":\"\",\"datatable_result_of\":\"\",\"datatable_result_to\":\"\",\"datatable_result_total\":\"\",\"datatable_result_show\":\"\",\"datatable_result_entries\":\"\",\"wpgmza_savemap\":\"Save Map \\u00bb\"}}' data-map-id='1' Data-maps-engine='open-layers' data-shortcode-attributes='{\"id\":\"1\"}' style=\"display:block; overflow:auto; width:100%; height:400px; float:left;\"><\/div><\/div><\/div><\/div><\/div><\/div>\n\n\n<p><\/p>\n\n\n\n<p><\/p>\n","protected":false},"excerpt":{"rendered":"<p>Les coordonn\u00e9es de contact sur cette page (t\u00e9l\u00e9phone et mail) concernent la location de bureaux uniquement. Pour toute demande de rendez-vous avec un praticien, veuillez prendre contact avec ce dernier en direct via ses coordonn\u00e9es de contact disponibles dans l&rsquo;onglet \u00c9quipe.<\/p>\n","protected":false},"author":1,"featured_media":928,"parent":0,"menu_order":0,"comment_status":"closed","ping_status":"closed","template":"","meta":{"neve_meta_sidebar":"","neve_meta_container":"","neve_meta_enable_content_width":"off","neve_meta_content_width":100,"neve_meta_title_alignment":"","neve_meta_author_avatar":"","neve_post_elements_order":"","neve_meta_disable_header":"","neve_meta_disable_footer":"","neve_meta_disable_title":"","footnotes":""},"class_list":["post-560","page","type-page","status-publish","has-post-thumbnail","hentry"],"yoast_head":"<!-- This site is optimized with the Yoast SEO plugin v27.4 - https:\/\/yoast.com\/product\/yoast-seo-wordpress\/ -->\n<title>Acc\u00e8s - Centre Apsyl<\/title>\n<meta name=\"robots\" content=\"index, follow, max-snippet:-1, max-image-preview:large, max-video-preview:-1\" \/>\n<link rel=\"canonical\" href=\"http:\/\/www.centreapsyl.com\/acces-v2\/\" \/>\n<meta property=\"og:locale\" content=\"fr_FR\" \/>\n<meta property=\"og:type\" content=\"article\" \/>\n<meta property=\"og:title\" content=\"Acc\u00e8s - Centre Apsyl\" \/>\n<meta property=\"og:description\" content=\"Les coordonn\u00e9es de contact sur cette page (t\u00e9l\u00e9phone et mail) concernent la location de bureaux uniquement. Pour toute demande de rendez-vous avec un praticien, veuillez prendre contact avec ce dernier en direct via ses coordonn\u00e9es de contact disponibles dans l&#039;onglet \u00c9quipe.\" \/>\n<meta property=\"og:url\" content=\"http:\/\/www.centreapsyl.com\/acces-v2\/\" \/>\n<meta property=\"og:site_name\" content=\"Centre Apsyl\" \/>\n<meta property=\"article:modified_time\" content=\"2025-11-29T08:22:34+00:00\" \/>\n<meta property=\"og:image\" content=\"http:\/\/www.centreapsyl.com\/wp-content\/uploads\/2025\/11\/promoted-scaled.jpg\" \/>\n\t<meta property=\"og:image:width\" content=\"2560\" \/>\n\t<meta property=\"og:image:height\" content=\"1707\" \/>\n\t<meta property=\"og:image:type\" content=\"image\/jpeg\" \/>\n<meta name=\"twitter:card\" content=\"summary_large_image\" \/>\n<meta name=\"twitter:label1\" content=\"Dur\u00e9e de lecture est.\" \/>\n\t<meta name=\"twitter:data1\" content=\"1 minute\" \/>\n<script type=\"application\/ld+json\" class=\"yoast-schema-graph\">{\"@context\":\"https:\\\/\\\/schema.org\",\"@graph\":[{\"@type\":\"WebPage\",\"@id\":\"http:\\\/\\\/www.centreapsyl.com\\\/acces-v2\\\/\",\"url\":\"http:\\\/\\\/www.centreapsyl.com\\\/acces-v2\\\/\",\"name\":\"Acc\u00e8s - Centre Apsyl\",\"isPartOf\":{\"@id\":\"https:\\\/\\\/www.centreapsyl.com\\\/#website\"},\"primaryImageOfPage\":{\"@id\":\"http:\\\/\\\/www.centreapsyl.com\\\/acces-v2\\\/#primaryimage\"},\"image\":{\"@id\":\"http:\\\/\\\/www.centreapsyl.com\\\/acces-v2\\\/#primaryimage\"},\"thumbnailUrl\":\"https:\\\/\\\/www.centreapsyl.com\\\/wp-content\\\/uploads\\\/2025\\\/11\\\/promoted-scaled.jpg\",\"datePublished\":\"2025-11-18T20:42:05+00:00\",\"dateModified\":\"2025-11-29T08:22:34+00:00\",\"breadcrumb\":{\"@id\":\"http:\\\/\\\/www.centreapsyl.com\\\/acces-v2\\\/#breadcrumb\"},\"inLanguage\":\"fr-BE\",\"potentialAction\":[{\"@type\":\"ReadAction\",\"target\":[\"http:\\\/\\\/www.centreapsyl.com\\\/acces-v2\\\/\"]}]},{\"@type\":\"ImageObject\",\"inLanguage\":\"fr-BE\",\"@id\":\"http:\\\/\\\/www.centreapsyl.com\\\/acces-v2\\\/#primaryimage\",\"url\":\"https:\\\/\\\/www.centreapsyl.com\\\/wp-content\\\/uploads\\\/2025\\\/11\\\/promoted-scaled.jpg\",\"contentUrl\":\"https:\\\/\\\/www.centreapsyl.com\\\/wp-content\\\/uploads\\\/2025\\\/11\\\/promoted-scaled.jpg\",\"width\":2560,\"height\":1707},{\"@type\":\"BreadcrumbList\",\"@id\":\"http:\\\/\\\/www.centreapsyl.com\\\/acces-v2\\\/#breadcrumb\",\"itemListElement\":[{\"@type\":\"ListItem\",\"position\":1,\"name\":\"Home\",\"item\":\"https:\\\/\\\/www.centreapsyl.com\\\/\"},{\"@type\":\"ListItem\",\"position\":2,\"name\":\"Acc\u00e8s\"}]},{\"@type\":\"WebSite\",\"@id\":\"https:\\\/\\\/www.centreapsyl.com\\\/#website\",\"url\":\"https:\\\/\\\/www.centreapsyl.com\\\/\",\"name\":\"Centre Apsyl\",\"description\":\"Centre Accompagnement Psychologique de Louveign\u00e9\",\"potentialAction\":[{\"@type\":\"SearchAction\",\"target\":{\"@type\":\"EntryPoint\",\"urlTemplate\":\"https:\\\/\\\/www.centreapsyl.com\\\/?s={search_term_string}\"},\"query-input\":{\"@type\":\"PropertyValueSpecification\",\"valueRequired\":true,\"valueName\":\"search_term_string\"}}],\"inLanguage\":\"fr-BE\"}]}<\/script>\n<!-- \/ Yoast SEO plugin. -->","yoast_head_json":{"title":"Acc\u00e8s - Centre Apsyl","robots":{"index":"index","follow":"follow","max-snippet":"max-snippet:-1","max-image-preview":"max-image-preview:large","max-video-preview":"max-video-preview:-1"},"canonical":"http:\/\/www.centreapsyl.com\/acces-v2\/","og_locale":"fr_FR","og_type":"article","og_title":"Acc\u00e8s - Centre Apsyl","og_description":"Les coordonn\u00e9es de contact sur cette page (t\u00e9l\u00e9phone et mail) concernent la location de bureaux uniquement. Pour toute demande de rendez-vous avec un praticien, veuillez prendre contact avec ce dernier en direct via ses coordonn\u00e9es de contact disponibles dans l'onglet \u00c9quipe.","og_url":"http:\/\/www.centreapsyl.com\/acces-v2\/","og_site_name":"Centre Apsyl","article_modified_time":"2025-11-29T08:22:34+00:00","og_image":[{"width":2560,"height":1707,"url":"http:\/\/www.centreapsyl.com\/wp-content\/uploads\/2025\/11\/promoted-scaled.jpg","type":"image\/jpeg"}],"twitter_card":"summary_large_image","twitter_misc":{"Dur\u00e9e de lecture est.":"1 minute"},"schema":{"@context":"https:\/\/schema.org","@graph":[{"@type":"WebPage","@id":"http:\/\/www.centreapsyl.com\/acces-v2\/","url":"http:\/\/www.centreapsyl.com\/acces-v2\/","name":"Acc\u00e8s - Centre Apsyl","isPartOf":{"@id":"https:\/\/www.centreapsyl.com\/#website"},"primaryImageOfPage":{"@id":"http:\/\/www.centreapsyl.com\/acces-v2\/#primaryimage"},"image":{"@id":"http:\/\/www.centreapsyl.com\/acces-v2\/#primaryimage"},"thumbnailUrl":"https:\/\/www.centreapsyl.com\/wp-content\/uploads\/2025\/11\/promoted-scaled.jpg","datePublished":"2025-11-18T20:42:05+00:00","dateModified":"2025-11-29T08:22:34+00:00","breadcrumb":{"@id":"http:\/\/www.centreapsyl.com\/acces-v2\/#breadcrumb"},"inLanguage":"fr-BE","potentialAction":[{"@type":"ReadAction","target":["http:\/\/www.centreapsyl.com\/acces-v2\/"]}]},{"@type":"ImageObject","inLanguage":"fr-BE","@id":"http:\/\/www.centreapsyl.com\/acces-v2\/#primaryimage","url":"https:\/\/www.centreapsyl.com\/wp-content\/uploads\/2025\/11\/promoted-scaled.jpg","contentUrl":"https:\/\/www.centreapsyl.com\/wp-content\/uploads\/2025\/11\/promoted-scaled.jpg","width":2560,"height":1707},{"@type":"BreadcrumbList","@id":"http:\/\/www.centreapsyl.com\/acces-v2\/#breadcrumb","itemListElement":[{"@type":"ListItem","position":1,"name":"Home","item":"https:\/\/www.centreapsyl.com\/"},{"@type":"ListItem","position":2,"name":"Acc\u00e8s"}]},{"@type":"WebSite","@id":"https:\/\/www.centreapsyl.com\/#website","url":"https:\/\/www.centreapsyl.com\/","name":"Centre Apsyl","description":"Centre Accompagnement Psychologique de Louveign\u00e9","potentialAction":[{"@type":"SearchAction","target":{"@type":"EntryPoint","urlTemplate":"https:\/\/www.centreapsyl.com\/?s={search_term_string}"},"query-input":{"@type":"PropertyValueSpecification","valueRequired":true,"valueName":"search_term_string"}}],"inLanguage":"fr-BE"}]}},"_links":{"self":[{"href":"https:\/\/www.centreapsyl.com\/index.php\/wp-json\/wp\/v2\/pages\/560","targetHints":{"allow":["GET"]}}],"collection":[{"href":"https:\/\/www.centreapsyl.com\/index.php\/wp-json\/wp\/v2\/pages"}],"about":[{"href":"https:\/\/www.centreapsyl.com\/index.php\/wp-json\/wp\/v2\/types\/page"}],"author":[{"embeddable":true,"href":"https:\/\/www.centreapsyl.com\/index.php\/wp-json\/wp\/v2\/users\/1"}],"replies":[{"embeddable":true,"href":"https:\/\/www.centreapsyl.com\/index.php\/wp-json\/wp\/v2\/comments?post=560"}],"version-history":[{"count":26,"href":"https:\/\/www.centreapsyl.com\/index.php\/wp-json\/wp\/v2\/pages\/560\/revisions"}],"predecessor-version":[{"id":950,"href":"https:\/\/www.centreapsyl.com\/index.php\/wp-json\/wp\/v2\/pages\/560\/revisions\/950"}],"wp:featuredmedia":[{"embeddable":true,"href":"https:\/\/www.centreapsyl.com\/index.php\/wp-json\/wp\/v2\/media\/928"}],"wp:attachment":[{"href":"https:\/\/www.centreapsyl.com\/index.php\/wp-json\/wp\/v2\/media?parent=560"}],"curies":[{"name":"wp","href":"https:\/\/api.w.org\/{rel}","templated":true}]}}